{"id":1767,"date":"2024-03-24T03:29:12","date_gmt":"2024-03-24T03:29:12","guid":{"rendered":"https:\/\/ihtc-congress.com\/?page_id=1767"},"modified":"2026-02-25T22:41:15","modified_gmt":"2026-02-25T22:41:15","slug":"visteurs","status":"publish","type":"page","link":"https:\/\/ihtc-congress.com\/en\/visteurs\/","title":{"rendered":"Visitors"},"content":{"rendered":"<div data-elementor-type=\"wp-page\" data-elementor-id=\"1767\" class=\"elementor elementor-1767\">\n\t\t\t\t\t\t<section class=\"elementor-section elementor-top-section elementor-element elementor-element-5844cde elementor-section-boxed elementor-section-height-default elementor-section-height-default\" data-id=\"5844cde\" data-element_type=\"section\" data-e-type=\"section\" data-settings=\"{&quot;background_background&quot;:&quot;classic&quot;}\">\n\t\t\t\t\t\t\t<div class=\"elementor-background-overlay\"><\/div>\n\t\t\t\t\t\t\t<div class=\"elementor-container elementor-column-gap-default\">\n\t\t\t\t\t<div class=\"elementor-column elementor-col-50 elementor-top-column elementor-element elementor-element-5269b1e\" data-id=\"5269b1e\" data-element_type=\"column\" data-e-type=\"column\">\n\t\t\t<div class=\"elementor-widget-wrap elementor-element-populated\">\n\t\t\t\t\t\t<div class=\"elementor-element elementor-element-9f57e12 elementor-invisible elementor-widget elementor-widget-elementskit-heading\" data-id=\"9f57e12\" data-element_type=\"widget\" data-e-type=\"widget\" data-settings=\"{&quot;_animation&quot;:&quot;slideInDown&quot;}\" data-widget_type=\"elementskit-heading.default\">\n\t\t\t\t<div class=\"elementor-widget-container\">\n\t\t\t\t\t<div class=\"ekit-wid-con\" ><div class=\"ekit-heading elementskit-section-title-wraper text_left   ekit_heading_tablet-   ekit_heading_mobile-text_center\"><h3 class=\"elementskit-section-subtitle\">\n\t\t\t\t\t\tIHTC CONGRESS 2026\n\t\t\t\t\t<\/h3><h2 class=\"ekit-heading--title elementskit-section-title\">Register As Visitor<\/h2>\t\t\t\t<div class='ekit-heading__description'>\n\t\t\t\t\t<p>Come and discover the latest advances, techniques and practices from clinics all over the world.<\/p>\n\t\t\t\t<\/div>\n\t\t\t<\/div><\/div>\t\t\t\t<\/div>\n\t\t\t\t<\/div>\n\t\t\t\t\t<\/div>\n\t\t<\/div>\n\t\t\t\t<div class=\"elementor-column elementor-col-50 elementor-top-column elementor-element elementor-element-9ea69e2\" data-id=\"9ea69e2\" data-element_type=\"column\" data-e-type=\"column\">\n\t\t\t<div class=\"elementor-widget-wrap elementor-element-populated\">\n\t\t\t\t\t\t<div class=\"elementor-element elementor-element-2ee47f4 e-transform elementor-hidden-tablet elementor-hidden-mobile elementor-invisible elementor-widget elementor-widget-image\" data-id=\"2ee47f4\" data-element_type=\"widget\" data-e-type=\"widget\" data-settings=\"{&quot;_animation&quot;:&quot;rotateIn&quot;,&quot;_transform_rotateZ_effect_hover&quot;:{&quot;unit&quot;:&quot;px&quot;,&quot;size&quot;:105,&quot;sizes&quot;:[]},&quot;_transform_rotateZ_effect_hover_tablet&quot;:{&quot;unit&quot;:&quot;deg&quot;,&quot;size&quot;:&quot;&quot;,&quot;sizes&quot;:[]},&quot;_transform_rotateZ_effect_hover_mobile&quot;:{&quot;unit&quot;:&quot;deg&quot;,&quot;size&quot;:&quot;&quot;,&quot;sizes&quot;:[]}}\" data-widget_type=\"image.default\">\n\t\t\t\t<div class=\"elementor-widget-container\">\n\t\t\t\t\t\t\t\t\t\t\t\t\t\t\t<img fetchpriority=\"high\" decoding=\"async\" width=\"512\" height=\"512\" src=\"https:\/\/ihtc-congress.com\/wp-content\/uploads\/2024\/03\/Icon-Ihtc-1.png\" class=\"attachment-large size-large wp-image-1594\" alt=\"\" srcset=\"https:\/\/ihtc-congress.com\/wp-content\/uploads\/2024\/03\/Icon-Ihtc-1.png 512w, https:\/\/ihtc-congress.com\/wp-content\/uploads\/2024\/03\/Icon-Ihtc-1-300x300.png 300w, https:\/\/ihtc-congress.com\/wp-content\/uploads\/2024\/03\/Icon-Ihtc-1-150x150.png 150w\" sizes=\"(max-width: 512px) 100vw, 512px\" \/>\t\t\t\t\t\t\t\t\t\t\t\t\t\t\t<\/div>\n\t\t\t\t<\/div>\n\t\t\t\t\t<\/div>\n\t\t<\/div>\n\t\t\t\t\t<\/div>\n\t\t<\/section>\n\t\t\t\t<section class=\"elementor-section elementor-top-section elementor-element elementor-element-045ae74 elementor-section-boxed elementor-section-height-default elementor-section-height-default\" data-id=\"045ae74\" data-element_type=\"section\" data-e-type=\"section\">\n\t\t\t\t\t\t<div class=\"elementor-container elementor-column-gap-default\">\n\t\t\t\t\t<div class=\"elementor-column elementor-col-50 elementor-top-column elementor-element elementor-element-23a9362\" data-id=\"23a9362\" data-element_type=\"column\" data-e-type=\"column\">\n\t\t\t<div class=\"elementor-widget-wrap elementor-element-populated\">\n\t\t\t\t\t\t<div class=\"elementor-element elementor-element-0115632 elementor-widget elementor-widget-image\" data-id=\"0115632\" data-element_type=\"widget\" data-e-type=\"widget\" data-widget_type=\"image.default\">\n\t\t\t\t<div class=\"elementor-widget-container\">\n\t\t\t\t\t\t\t\t\t\t\t\t\t\t\t<img decoding=\"async\" width=\"547\" height=\"582\" src=\"https:\/\/ihtc-congress.com\/wp-content\/uploads\/2025\/08\/ccccxc.webp\" class=\"attachment-large size-large wp-image-3292\" alt=\"\" srcset=\"https:\/\/ihtc-congress.com\/wp-content\/uploads\/2025\/08\/ccccxc.webp 547w, https:\/\/ihtc-congress.com\/wp-content\/uploads\/2025\/08\/ccccxc-282x300.webp 282w, https:\/\/ihtc-congress.com\/wp-content\/uploads\/2025\/08\/ccccxc-34x36.webp 34w, https:\/\/ihtc-congress.com\/wp-content\/uploads\/2025\/08\/ccccxc-45x48.webp 45w\" sizes=\"(max-width: 547px) 100vw, 547px\" \/>\t\t\t\t\t\t\t\t\t\t\t\t\t\t\t<\/div>\n\t\t\t\t<\/div>\n\t\t\t\t\t<\/div>\n\t\t<\/div>\n\t\t\t\t<div class=\"elementor-column elementor-col-50 elementor-top-column elementor-element elementor-element-4c3d7b1\" data-id=\"4c3d7b1\" data-element_type=\"column\" data-e-type=\"column\">\n\t\t\t<div class=\"elementor-widget-wrap elementor-element-populated\">\n\t\t\t\t\t\t<div class=\"elementor-element elementor-element-06a0e7b elementor-widget elementor-widget-icon-box\" data-id=\"06a0e7b\" data-element_type=\"widget\" data-e-type=\"widget\" data-widget_type=\"icon-box.default\">\n\t\t\t\t<div class=\"elementor-widget-container\">\n\t\t\t\t\t\t\t<div class=\"elementor-icon-box-wrapper\">\n\n\t\t\t\n\t\t\t\t\t\t<div class=\"elementor-icon-box-content\">\n\n\t\t\t\t\t\t\t\t\t<h3 class=\"elementor-icon-box-title\">\n\t\t\t\t\t\t<span  >\n\t\t\t\t\t\t\tWhy visit the Ihtc?\t\t\t\t\t\t<\/span>\n\t\t\t\t\t<\/h3>\n\t\t\t\t\n\t\t\t\t\n\t\t\t<\/div>\n\t\t\t\n\t\t<\/div>\n\t\t\t\t\t\t<\/div>\n\t\t\t\t<\/div>\n\t\t\t\t<div class=\"elementor-element elementor-element-a643e1d elementor-icon-list--layout-traditional elementor-list-item-link-full_width elementor-widget elementor-widget-icon-list\" data-id=\"a643e1d\" data-element_type=\"widget\" data-e-type=\"widget\" data-widget_type=\"icon-list.default\">\n\t\t\t\t<div class=\"elementor-widget-container\">\n\t\t\t\t\t\t\t<ul class=\"elementor-icon-list-items\">\n\t\t\t\t\t\t\t<li class=\"elementor-icon-list-item\">\n\t\t\t\t\t\t\t\t\t\t\t<span class=\"elementor-icon-list-icon\">\n\t\t\t\t\t\t\t<i aria-hidden=\"true\" class=\"fas fa-check-circle\"><\/i>\t\t\t\t\t\t<\/span>\n\t\t\t\t\t\t\t\t\t\t<span class=\"elementor-icon-list-text\">Access conferences and workshops led by industry experts.<\/span>\n\t\t\t\t\t\t\t\t\t<\/li>\n\t\t\t\t\t\t<\/ul>\n\t\t\t\t\t\t<\/div>\n\t\t\t\t<\/div>\n\t\t\t\t<div class=\"elementor-element elementor-element-0b49e63 elementor-icon-list--layout-traditional elementor-list-item-link-full_width elementor-widget elementor-widget-icon-list\" data-id=\"0b49e63\" data-element_type=\"widget\" data-e-type=\"widget\" data-widget_type=\"icon-list.default\">\n\t\t\t\t<div class=\"elementor-widget-container\">\n\t\t\t\t\t\t\t<ul class=\"elementor-icon-list-items\">\n\t\t\t\t\t\t\t<li class=\"elementor-icon-list-item\">\n\t\t\t\t\t\t\t\t\t\t\t<span class=\"elementor-icon-list-icon\">\n\t\t\t\t\t\t\t<i aria-hidden=\"true\" class=\"fas fa-check-circle\"><\/i>\t\t\t\t\t\t<\/span>\n\t\t\t\t\t\t\t\t\t\t<span class=\"elementor-icon-list-text\">Establish professional contacts with key industry players.<\/span>\n\t\t\t\t\t\t\t\t\t<\/li>\n\t\t\t\t\t\t<\/ul>\n\t\t\t\t\t\t<\/div>\n\t\t\t\t<\/div>\n\t\t\t\t<div class=\"elementor-element elementor-element-54da965 elementor-icon-list--layout-traditional elementor-list-item-link-full_width elementor-widget elementor-widget-icon-list\" data-id=\"54da965\" data-element_type=\"widget\" data-e-type=\"widget\" data-widget_type=\"icon-list.default\">\n\t\t\t\t<div class=\"elementor-widget-container\">\n\t\t\t\t\t\t\t<ul class=\"elementor-icon-list-items\">\n\t\t\t\t\t\t\t<li class=\"elementor-icon-list-item\">\n\t\t\t\t\t\t\t\t\t\t\t<span class=\"elementor-icon-list-icon\">\n\t\t\t\t\t\t\t<i aria-hidden=\"true\" class=\"fas fa-check-circle\"><\/i>\t\t\t\t\t\t<\/span>\n\t\t\t\t\t\t\t\t\t\t<span class=\"elementor-icon-list-text\">Explore a variety of exhibits showcasing the latest medical technologies and services.<\/span>\n\t\t\t\t\t\t\t\t\t<\/li>\n\t\t\t\t\t\t<\/ul>\n\t\t\t\t\t\t<\/div>\n\t\t\t\t<\/div>\n\t\t\t\t<div class=\"elementor-element elementor-element-248870d elementor-icon-list--layout-traditional elementor-list-item-link-full_width elementor-widget elementor-widget-icon-list\" data-id=\"248870d\" data-element_type=\"widget\" data-e-type=\"widget\" data-widget_type=\"icon-list.default\">\n\t\t\t\t<div class=\"elementor-widget-container\">\n\t\t\t\t\t\t\t<ul class=\"elementor-icon-list-items\">\n\t\t\t\t\t\t\t<li class=\"elementor-icon-list-item\">\n\t\t\t\t\t\t\t\t\t\t\t<span class=\"elementor-icon-list-icon\">\n\t\t\t\t\t\t\t<i aria-hidden=\"true\" class=\"fas fa-check-circle\"><\/i>\t\t\t\t\t\t<\/span>\n\t\t\t\t\t\t\t\t\t\t<span class=\"elementor-icon-list-text\">Share ideas, experiences and best practices with other professionals in the field.<\/span>\n\t\t\t\t\t\t\t\t\t<\/li>\n\t\t\t\t\t\t<\/ul>\n\t\t\t\t\t\t<\/div>\n\t\t\t\t<\/div>\n\t\t\t\t<div class=\"elementor-element elementor-element-53505ee elementor-icon-list--layout-traditional elementor-list-item-link-full_width elementor-widget elementor-widget-icon-list\" data-id=\"53505ee\" data-element_type=\"widget\" data-e-type=\"widget\" data-widget_type=\"icon-list.default\">\n\t\t\t\t<div class=\"elementor-widget-container\">\n\t\t\t\t\t\t\t<ul class=\"elementor-icon-list-items\">\n\t\t\t\t\t\t\t<li class=\"elementor-icon-list-item\">\n\t\t\t\t\t\t\t\t\t\t\t<span class=\"elementor-icon-list-icon\">\n\t\t\t\t\t\t\t<i aria-hidden=\"true\" class=\"fas fa-check-circle\"><\/i>\t\t\t\t\t\t<\/span>\n\t\t\t\t\t\t\t\t\t\t<span class=\"elementor-icon-list-text\">Find development, career, partnership and investment opportunities in the medical tourism sector.<\/span>\n\t\t\t\t\t\t\t\t\t<\/li>\n\t\t\t\t\t\t<\/ul>\n\t\t\t\t\t\t<\/div>\n\t\t\t\t<\/div>\n\t\t\t\t\t<\/div>\n\t\t<\/div>\n\t\t\t\t\t<\/div>\n\t\t<\/section>\n\t\t\t\t<\/div>","protected":false},"excerpt":{"rendered":"<p>IHTC CONGRESS 2026 Inscrivez Vous En Tant Que Visiteur Venez d\u00e9couvrir les derni\u00e8res avanc\u00e9es, techniques et pratiques des cliniques venues du monde entier. Pourquoi Visiter L&rsquo;Ihtc ? Acc\u00e9dez \u00e0 des conf\u00e9rences et \u00e0 des workshops anim\u00e9s par des experts du secteur. \u00c9tablissez des contacts professionnels avec des acteurs cl\u00e9s de l&rsquo;industrie. Explorez une vari\u00e9t\u00e9 d&rsquo;expositions [&hellip;]<\/p>\n","protected":false},"author":1,"featured_media":0,"parent":0,"menu_order":0,"comment_status":"closed","ping_status":"closed","template":"","meta":{"site-sidebar-layout":"default","site-content-layout":"","ast-site-content-layout":"full-width-container","site-content-style":"default","site-sidebar-style":"default","ast-global-header-display":"disabled","ast-banner-title-visibility":"disabled","ast-main-header-display":"","ast-hfb-above-header-display":"","ast-hfb-below-header-display":"","ast-hfb-mobile-header-display":"","site-post-title":"","ast-breadcrumbs-content":"","ast-featured-img":"","footer-sml-layout":"disabled","ast-disable-related-posts":"","theme-transparent-header-meta":"","adv-header-id-meta":"","stick-header-meta":"","header-above-stick-meta":"","header-main-stick-meta":"","header-below-stick-meta":"","astra-migrate-meta-layouts":"set","ast-page-background-enabled":"default","ast-page-background-meta":{"desktop":{"background-color":"","background-image":"","background-repeat":"repeat","background-position":"center center","background-size":"auto","background-attachment":"scroll","background-type":"","background-media":"","overlay-type":"","overlay-color":"","overlay-opacity":"","overlay-gradient":""},"tablet":{"background-color":"","background-image":"","background-repeat":"repeat","background-position":"center center","background-size":"auto","background-attachment":"scroll","background-type":"","background-media":"","overlay-type":"","overlay-color":"","overlay-opacity":"","overlay-gradient":""},"mobile":{"background-color":"","background-image":"","background-repeat":"repeat","background-position":"center center","background-size":"auto","background-attachment":"scroll","background-type":"","background-media":"","overlay-type":"","overlay-color":"","overlay-opacity":"","overlay-gradient":""}},"ast-content-background-meta":{"desktop":{"background-color":"var(--ast-global-color-5)","background-image":"","background-repeat":"repeat","background-position":"center center","background-size":"auto","background-attachment":"scroll","background-type":"","background-media":"","overlay-type":"","overlay-color":"","overlay-opacity":"","overlay-gradient":""},"tablet":{"background-color":"var(--ast-global-color-5)","background-image":"","background-repeat":"repeat","background-position":"center center","background-size":"auto","background-attachment":"scroll","background-type":"","background-media":"","overlay-type":"","overlay-color":"","overlay-opacity":"","overlay-gradient":""},"mobile":{"background-color":"var(--ast-global-color-5)","background-image":"","background-repeat":"repeat","background-position":"center center","background-size":"auto","background-attachment":"scroll","background-type":"","background-media":"","overlay-type":"","overlay-color":"","overlay-opacity":"","overlay-gradient":""}},"footnotes":""},"class_list":["post-1767","page","type-page","status-publish","hentry"],"yoast_head":"<!-- This site is optimized with the Yoast SEO plugin v27.4 - https:\/\/yoast.com\/product\/yoast-seo-wordpress\/ -->\n<title>Visteurs - Ihtc Congress<\/title>\n<meta name=\"robots\" content=\"index, follow, max-snippet:-1, max-image-preview:large, max-video-preview:-1\" \/>\n<link rel=\"canonical\" href=\"https:\/\/ihtc-congress.com\/en\/visteurs\/\" \/>\n<meta property=\"og:locale\" content=\"en_US\" \/>\n<meta property=\"og:type\" content=\"article\" \/>\n<meta property=\"og:title\" content=\"Visteurs - Ihtc Congress\" \/>\n<meta property=\"og:description\" content=\"IHTC CONGRESS 2026 Inscrivez Vous En Tant Que Visiteur Venez d\u00e9couvrir les derni\u00e8res avanc\u00e9es, techniques et pratiques des cliniques venues du monde entier. Pourquoi Visiter L&rsquo;Ihtc ? Acc\u00e9dez \u00e0 des conf\u00e9rences et \u00e0 des workshops anim\u00e9s par des experts du secteur. \u00c9tablissez des contacts professionnels avec des acteurs cl\u00e9s de l&rsquo;industrie. Explorez une vari\u00e9t\u00e9 d&rsquo;expositions [&hellip;]\" \/>\n<meta property=\"og:url\" content=\"https:\/\/ihtc-congress.com\/en\/visteurs\/\" \/>\n<meta property=\"og:site_name\" content=\"Ihtc Congress\" \/>\n<meta property=\"article:modified_time\" content=\"2026-02-25T22:41:15+00:00\" \/>\n<meta property=\"og:image\" content=\"https:\/\/ihtc-congress.com\/wp-content\/uploads\/2024\/03\/Icon-Ihtc-1.png\" \/>\n\t<meta property=\"og:image:width\" content=\"512\" \/>\n\t<meta property=\"og:image:height\" content=\"512\" \/>\n\t<meta property=\"og:image:type\" content=\"image\/png\" \/>\n<meta name=\"twitter:card\" content=\"summary_large_image\" \/>\n<meta name=\"twitter:label1\" content=\"Est. reading time\" \/>\n\t<meta name=\"twitter:data1\" content=\"1 minute\" \/>\n<script type=\"application\/ld+json\" class=\"yoast-schema-graph\">{\"@context\":\"https:\\\/\\\/schema.org\",\"@graph\":[{\"@type\":\"WebPage\",\"@id\":\"https:\\\/\\\/ihtc-congress.com\\\/visteurs\\\/\",\"url\":\"https:\\\/\\\/ihtc-congress.com\\\/visteurs\\\/\",\"name\":\"Visteurs - Ihtc Congress\",\"isPartOf\":{\"@id\":\"https:\\\/\\\/ihtc-congress.com\\\/#website\"},\"primaryImageOfPage\":{\"@id\":\"https:\\\/\\\/ihtc-congress.com\\\/visteurs\\\/#primaryimage\"},\"image\":{\"@id\":\"https:\\\/\\\/ihtc-congress.com\\\/visteurs\\\/#primaryimage\"},\"thumbnailUrl\":\"https:\\\/\\\/ihtc-congress.com\\\/wp-content\\\/uploads\\\/2024\\\/03\\\/Icon-Ihtc-1.png\",\"datePublished\":\"2024-03-24T03:29:12+00:00\",\"dateModified\":\"2026-02-25T22:41:15+00:00\",\"breadcrumb\":{\"@id\":\"https:\\\/\\\/ihtc-congress.com\\\/visteurs\\\/#breadcrumb\"},\"inLanguage\":\"en-US\",\"potentialAction\":[{\"@type\":\"ReadAction\",\"target\":[\"https:\\\/\\\/ihtc-congress.com\\\/visteurs\\\/\"]}]},{\"@type\":\"ImageObject\",\"inLanguage\":\"en-US\",\"@id\":\"https:\\\/\\\/ihtc-congress.com\\\/visteurs\\\/#primaryimage\",\"url\":\"https:\\\/\\\/ihtc-congress.com\\\/wp-content\\\/uploads\\\/2024\\\/03\\\/Icon-Ihtc-1.png\",\"contentUrl\":\"https:\\\/\\\/ihtc-congress.com\\\/wp-content\\\/uploads\\\/2024\\\/03\\\/Icon-Ihtc-1.png\"},{\"@type\":\"BreadcrumbList\",\"@id\":\"https:\\\/\\\/ihtc-congress.com\\\/visteurs\\\/#breadcrumb\",\"itemListElement\":[{\"@type\":\"ListItem\",\"position\":1,\"name\":\"Accueil\",\"item\":\"https:\\\/\\\/ihtc-congress.com\\\/\"},{\"@type\":\"ListItem\",\"position\":2,\"name\":\"Visteurs\"}]},{\"@type\":\"WebSite\",\"@id\":\"https:\\\/\\\/ihtc-congress.com\\\/#website\",\"url\":\"https:\\\/\\\/ihtc-congress.com\\\/\",\"name\":\"Ihtc Congress\",\"description\":\"Congres International de Sant\u00e9 et du Tourisme M\u00e9dical\",\"publisher\":{\"@id\":\"https:\\\/\\\/ihtc-congress.com\\\/#organization\"},\"potentialAction\":[{\"@type\":\"SearchAction\",\"target\":{\"@type\":\"EntryPoint\",\"urlTemplate\":\"https:\\\/\\\/ihtc-congress.com\\\/?s={search_term_string}\"},\"query-input\":{\"@type\":\"PropertyValueSpecification\",\"valueRequired\":true,\"valueName\":\"search_term_string\"}}],\"inLanguage\":\"en-US\"},{\"@type\":\"Organization\",\"@id\":\"https:\\\/\\\/ihtc-congress.com\\\/#organization\",\"name\":\"Ihtc Congress\",\"url\":\"https:\\\/\\\/ihtc-congress.com\\\/\",\"logo\":{\"@type\":\"ImageObject\",\"inLanguage\":\"en-US\",\"@id\":\"https:\\\/\\\/ihtc-congress.com\\\/#\\\/schema\\\/logo\\\/image\\\/\",\"url\":\"https:\\\/\\\/ihtc-congress.com\\\/wp-content\\\/uploads\\\/2023\\\/09\\\/footer-logo.png\",\"contentUrl\":\"https:\\\/\\\/ihtc-congress.com\\\/wp-content\\\/uploads\\\/2023\\\/09\\\/footer-logo.png\",\"width\":527,\"height\":135,\"caption\":\"Ihtc Congress\"},\"image\":{\"@id\":\"https:\\\/\\\/ihtc-congress.com\\\/#\\\/schema\\\/logo\\\/image\\\/\"}}]}<\/script>\n<!-- \/ Yoast SEO plugin. -->","yoast_head_json":{"title":"Visteurs - Ihtc Congress","robots":{"index":"index","follow":"follow","max-snippet":"max-snippet:-1","max-image-preview":"max-image-preview:large","max-video-preview":"max-video-preview:-1"},"canonical":"https:\/\/ihtc-congress.com\/en\/visteurs\/","og_locale":"en_US","og_type":"article","og_title":"Visteurs - Ihtc Congress","og_description":"IHTC CONGRESS 2026 Inscrivez Vous En Tant Que Visiteur Venez d\u00e9couvrir les derni\u00e8res avanc\u00e9es, techniques et pratiques des cliniques venues du monde entier. Pourquoi Visiter L&rsquo;Ihtc ? Acc\u00e9dez \u00e0 des conf\u00e9rences et \u00e0 des workshops anim\u00e9s par des experts du secteur. \u00c9tablissez des contacts professionnels avec des acteurs cl\u00e9s de l&rsquo;industrie. Explorez une vari\u00e9t\u00e9 d&rsquo;expositions [&hellip;]","og_url":"https:\/\/ihtc-congress.com\/en\/visteurs\/","og_site_name":"Ihtc Congress","article_modified_time":"2026-02-25T22:41:15+00:00","og_image":[{"width":512,"height":512,"url":"https:\/\/ihtc-congress.com\/wp-content\/uploads\/2024\/03\/Icon-Ihtc-1.png","type":"image\/png"}],"twitter_card":"summary_large_image","twitter_misc":{"Est. reading time":"1 minute"},"schema":{"@context":"https:\/\/schema.org","@graph":[{"@type":"WebPage","@id":"https:\/\/ihtc-congress.com\/visteurs\/","url":"https:\/\/ihtc-congress.com\/visteurs\/","name":"Visteurs - Ihtc Congress","isPartOf":{"@id":"https:\/\/ihtc-congress.com\/#website"},"primaryImageOfPage":{"@id":"https:\/\/ihtc-congress.com\/visteurs\/#primaryimage"},"image":{"@id":"https:\/\/ihtc-congress.com\/visteurs\/#primaryimage"},"thumbnailUrl":"https:\/\/ihtc-congress.com\/wp-content\/uploads\/2024\/03\/Icon-Ihtc-1.png","datePublished":"2024-03-24T03:29:12+00:00","dateModified":"2026-02-25T22:41:15+00:00","breadcrumb":{"@id":"https:\/\/ihtc-congress.com\/visteurs\/#breadcrumb"},"inLanguage":"en-US","potentialAction":[{"@type":"ReadAction","target":["https:\/\/ihtc-congress.com\/visteurs\/"]}]},{"@type":"ImageObject","inLanguage":"en-US","@id":"https:\/\/ihtc-congress.com\/visteurs\/#primaryimage","url":"https:\/\/ihtc-congress.com\/wp-content\/uploads\/2024\/03\/Icon-Ihtc-1.png","contentUrl":"https:\/\/ihtc-congress.com\/wp-content\/uploads\/2024\/03\/Icon-Ihtc-1.png"},{"@type":"BreadcrumbList","@id":"https:\/\/ihtc-congress.com\/visteurs\/#breadcrumb","itemListElement":[{"@type":"ListItem","position":1,"name":"Accueil","item":"https:\/\/ihtc-congress.com\/"},{"@type":"ListItem","position":2,"name":"Visteurs"}]},{"@type":"WebSite","@id":"https:\/\/ihtc-congress.com\/#website","url":"https:\/\/ihtc-congress.com\/","name":"Ihtc Congress","description":"Congres International de Sant\u00e9 et du Tourisme M\u00e9dical","publisher":{"@id":"https:\/\/ihtc-congress.com\/#organization"},"potentialAction":[{"@type":"SearchAction","target":{"@type":"EntryPoint","urlTemplate":"https:\/\/ihtc-congress.com\/?s={search_term_string}"},"query-input":{"@type":"PropertyValueSpecification","valueRequired":true,"valueName":"search_term_string"}}],"inLanguage":"en-US"},{"@type":"Organization","@id":"https:\/\/ihtc-congress.com\/#organization","name":"Ihtc Congress","url":"https:\/\/ihtc-congress.com\/","logo":{"@type":"ImageObject","inLanguage":"en-US","@id":"https:\/\/ihtc-congress.com\/#\/schema\/logo\/image\/","url":"https:\/\/ihtc-congress.com\/wp-content\/uploads\/2023\/09\/footer-logo.png","contentUrl":"https:\/\/ihtc-congress.com\/wp-content\/uploads\/2023\/09\/footer-logo.png","width":527,"height":135,"caption":"Ihtc Congress"},"image":{"@id":"https:\/\/ihtc-congress.com\/#\/schema\/logo\/image\/"}}]}},"_links":{"self":[{"href":"https:\/\/ihtc-congress.com\/en\/wp-json\/wp\/v2\/pages\/1767","targetHints":{"allow":["GET"]}}],"collection":[{"href":"https:\/\/ihtc-congress.com\/en\/wp-json\/wp\/v2\/pages"}],"about":[{"href":"https:\/\/ihtc-congress.com\/en\/wp-json\/wp\/v2\/types\/page"}],"author":[{"embeddable":true,"href":"https:\/\/ihtc-congress.com\/en\/wp-json\/wp\/v2\/users\/1"}],"replies":[{"embeddable":true,"href":"https:\/\/ihtc-congress.com\/en\/wp-json\/wp\/v2\/comments?post=1767"}],"version-history":[{"count":26,"href":"https:\/\/ihtc-congress.com\/en\/wp-json\/wp\/v2\/pages\/1767\/revisions"}],"predecessor-version":[{"id":3669,"href":"https:\/\/ihtc-congress.com\/en\/wp-json\/wp\/v2\/pages\/1767\/revisions\/3669"}],"wp:attachment":[{"href":"https:\/\/ihtc-congress.com\/en\/wp-json\/wp\/v2\/media?parent=1767"}],"curies":[{"name":"wp","href":"https:\/\/api.w.org\/{rel}","templated":true}]}}