{"id":2705,"date":"2024-08-21T16:51:23","date_gmt":"2024-08-21T16:51:23","guid":{"rendered":"https:\/\/ihtc-congress.com\/?page_id=2705"},"modified":"2024-08-21T16:51:26","modified_gmt":"2024-08-21T16:51:26","slug":"test","status":"publish","type":"page","link":"https:\/\/ihtc-congress.com\/en\/test\/","title":{"rendered":"Test"},"content":{"rendered":"\n<div class=\"einstien\">\n      <div\n        style=\"\n          position: fixed;\n          bottom: 20px;\n          right: 20px;\n          background-color: transparent;\n          color: white;\n          border: none;\n          border-radius: 50%;\n          width: 60px;\n          height: 60px;\n          display: flex;\n          align-items: center;\n          justify-content: center;\n          cursor: pointer;\n          font-size: 24px;\n          box-shadow: 0 4px 8px rgba(0, 0, 0, 0.1);\n          z-index: 9999;\n        \"\n        onclick=\"toggleChatbot()\"\n      >\n        <svg\n          width=\"800px\"\n          height=\"800px\"\n          viewBox=\"0 0 24 24\"\n          fill=\"none\"\n          xmlns=\"http:\/\/www.w3.org\/2000\/svg\"\n        >\n          <path\n            opacity=\"0.5\"\n            d=\"M12 23C18.0751 23 23 18.0751 23 12C23 5.92487 18.0751 1 12 1C5.92487 1 1 5.92487 1 12C1 13.7596 1.41318 15.4228 2.14781 16.8977C2.34303 17.2897 2.40801 17.7377 2.29483 18.1607L1.63966 20.6093C1.35525 21.6723 2.32772 22.6447 3.39068 22.3603L5.83932 21.7052C6.26233 21.592 6.71033 21.657 7.10228 21.8522C8.5772 22.5868 10.2404 23 12 23Z\"\n            fill=\"#1d71f9\"\n          \/>\n          <path\n            d=\"M10.9 12.0004C10.9 12.6079 11.3925 13.1004 12 13.1004C12.6075 13.1004 13.1 12.6079 13.1 12.0004C13.1 11.3929 12.6075 10.9004 12 10.9004C11.3925 10.9004 10.9 11.3929 10.9 12.0004Z\"\n            fill=\"#1C274C\"\n          \/>\n          <path\n            d=\"M6.5 12.0004C6.5 12.6079 6.99249 13.1004 7.6 13.1004C8.20751 13.1004 8.7 12.6079 8.7 12.0004C8.7 11.3929 8.20751 10.9004 7.6 10.9004C6.99249 10.9004 6.5 11.3929 6.5 12.0004Z\"\n            fill=\"#1C274C\"\n          \/>\n          <path\n            d=\"M15.3 12.0004C15.3 12.6079 15.7925 13.1004 16.4 13.1004C17.0075 13.1004 17.5 12.6079 17.5 12.0004C17.5 11.3929 17.0075 10.9004 16.4 10.9004C15.7925 10.9004 15.3 11.3929 15.3 12.0004Z\"\n            fill=\"#1C274C\"\n          \/>\n        <\/svg>\n      <\/div>\n\n      <div\n        id=\"chatbotWidget\"\n        style=\"\n          position: fixed;\n          bottom: 90px;\n          right: 10px;\n          background-color: white;\n          border-radius: 15px;\n          box-shadow: rgba(0, 0, 0, 0.1) 0px 4px 8px;\n          max-width: 350px;\n          display: flex;\n          flex-direction: column;\n          padding: 20px;\n          padding-bottom: 0;\n          text-align: center;\n          z-index: 9999;\n          overflow-y: auto;\n          max-height: 550px;\n          height: 80%;\n          width: 80%;\n          justify-content: end;\n        \"\n      >\n        <div class=\"header\" style=\"margin-bottom: 20px;\">\n          \n        <\/div>\n\n        <div\n          class=\"example-questions\"\n          id=\"example-questions\"\n          style=\"margin: 20px 0; display: flex; gap: 10px; flex-direction: column;\"\n        >\n          <button\n            class=\"question\"\n            onclick=\"sendMessage('Quelles sont les dates et le lieu de la conf\u00e9rence ?')\"\n            style=\"\n              border: 1px solid #ededed;\n              border-radius: 12px;\n              padding: 12px;\n              background-color: #fff;\n              box-shadow: #00000010 3px 5px 20px;\n\n              width: 100%;\n              text-align: left;\n              cursor: pointer;\n              text-align: center;\n            \"\n          >\n            <strong\n              style=\"\n                color: #202226;\n\n                font-weight: 500;\n                font-size: 16px;\n              \"\n              >Quelles sont les dates<\/strong\n            >\n            <p style=\"font-size: 14px; color: #838383; margin: 0;\">\n              et le lieu de la conf\u00e9rence ?\n            <\/p>\n          <\/button>\n          <button\n            class=\"question\"\n            onclick=\"sendMessage('Pouvez-vous me fournir le programme des discours d\\'ouverture ?')\"\n            style=\"\n              border: 1px solid #ededed;\n              border-radius: 12px;\n              padding: 12px;\n              background-color: #fff;\n              box-shadow: #00000010 3px 5px 20px;\n\n              width: 100%;\n              text-align: left;\n              cursor: pointer;\n              text-align: center;\n            \"\n          >\n            <strong\n              style=\"\n                color: #202226;\n\n                font-weight: 500;\n                font-size: 16px;\n              \"\n              >Pouvez-vous me fournir ?<\/strong\n            >\n            <p style=\"font-size: 14px; color: #838383; margin: 0;\">\n              le programme des discours d&rsquo;ouverture\n            <\/p>\n          <\/button>\n          <button\n            class=\"question\"\n            onclick=\"sendMessage('Comment puis-je m\\'inscrire \u00e0 la conf\u00e9rence et quels sont les frais d\\'inscription ?')\"\n            style=\"\n              border: 1px solid #ededed;\n              border-radius: 12px;\n              padding: 12px;\n              background-color: #fff;\n              box-shadow: #00000010 3px 5px 20px;\n              width: 100%;\n              text-align: left;\n              cursor: pointer;\n              text-align: center;\n            \"\n          >\n            <strong\n              style=\"\n                color: #202226;\n\n                font-weight: 500;\n                font-size: 16px;\n              \"\n              >Comment puis-je m&rsquo;inscrire \u00e0 la\n            <\/strong>\n            <p style=\"font-size: 14px; color: #838383; margin: 0;\">\n              conf\u00e9rence et quels sont les frais d&rsquo;inscription ?\n            <\/p>\n          <\/button>\n          <button\n            class=\"question\"\n            onclick=\"sendMessage('Y a-t-il des ateliers disponibles et comment puis-je m\\'inscrire ?')\"\n            style=\"\n              border: 1px solid #ededed;\n              border-radius: 12px;\n              padding: 12px;\n              background-color: #fff;\n              box-shadow: #00000010 3px 5px 20px;\n              width: 100%;\n              text-align: left;\n              cursor: pointer;\n              text-align: center;\n            \"\n          >\n            <strong\n              style=\"\n                color: #202226;\n\n                font-weight: 500;\n                font-size: 16px;\n              \"\n              >Y a-t-il des ateliers disponibles ?<\/strong\n            >\n            <p style=\"font-size: 14px; color: #838383; margin: 0;\">\n              et comment puis-je inscrire\n            <\/p>\n          <\/button>\n        <\/div>\n        <p\n          class=\"note\"\n          style=\"font-size: 12px; color: #999; margin-bottom: 20px;\"\n        >\n          These are just a few examples of what I can do.\n        <\/p>\n        <div\n          id=\"messages\"\n          class=\"hidden\"\n          style=\"flex: 1; overflow-y: auto; margin: 20px 0;\"\n        ><\/div>\n        <div\n          class=\"input-container hidden\"\n          id=\"inputContainer\"\n          style=\"\n            display: none;\n            display: flex;\n            align-items: center;\n            justify-content: space-between;\n            border-top: 1px solid #ddd;\n            padding: 10px 0;\n          \"\n        >\n          <input\n            type=\"text\"\n            id=\"messageInput\"\n            placeholder=\"Ask me anything...\"\n            style=\"\n              border: none;\n              outline: none;\n              padding: 10px;\n              flex-grow: 1;\n              border-radius: 12px;\n              padding: 14px 12px;\n              box-shadow: #00000010 3px 5px 20px;\n              border: 1px solid #eed;\n              background-color: #f6f6f6;\n            \"\n          \/>\n          <button\n            id=\"sendButton\"\n            style=\"\n              border: none;\n              padding: 10px;\n              border-radius: 5px;\n              cursor: pointer;\n              font-size: 16px;\n              margin-left: 5px;\n              background-color: transparent;\n            \"\n          >\n            <svg\n              width=\"20\"\n              height=\"20\"\n              viewBox=\"0 0 20 20\"\n              fill=\"none\"\n              xmlns=\"http:\/\/www.w3.org\/2000\/svg\"\n            >\n              <path\n                d=\"M16.6881 6.12633L7.18221 1.36155C0.781711 -1.8308 -1.83382 0.784736 1.36642 7.17733L2.78086 9.99829L1.36639 12.8192C-1.83386 19.2118 0.78956 21.8352 7.18216 18.635L16.6881 13.8859C20.9472 11.7445 20.9551 8.25983 16.6881 6.12633ZM12.6898 10.6304L6.66854 10.6462C6.43148 10.6462 6.22603 10.5514 6.0759 10.4013C5.92576 10.2511 5.83094 10.0457 5.83094 9.80862C5.83094 9.35031 6.21023 8.97102 6.66854 8.97102L12.6898 8.95519C13.1481 8.95519 13.5274 9.33448 13.5274 9.79279C13.5274 10.2511 13.1481 10.6304 12.6898 10.6304Z\"\n                fill=\"url(#paint0_linear_327_663)\"\n              \/>\n              <defs>\n                <linearGradient\n                  id=\"paint0_linear_327_663\"\n                  x1=\"7.22886\"\n                  y1=\"1.47045\"\n                  x2=\"10.2051\"\n                  y2=\"14.927\"\n                  gradientUnits=\"userSpaceOnUse\"\n                >\n                  <stop stop-color=\"#1C77FF\" \/>\n                  <stop offset=\"1\" stop-color=\"#2559DD\" \/>\n                <\/linearGradient>\n              <\/defs>\n            <\/svg>\n          <\/button>\n        <\/div>\n      <\/div>\n      <script>\n        function toggleChatbot() {\n          const chatbotWidget = document.getElementById(\"chatbotWidget\");\n          if (\n            chatbotWidget.style.display === \"none\" ||\n            chatbotWidget.style.display === \"\"\n          ) {\n            chatbotWidget.style.display = \"flex\";\n          } else {\n            chatbotWidget.style.display = \"none\";\n          }\n        }\n        if (!sessionStorage.getItem(\"wa_id\")) {\n          const wa_id = Math.floor(Math.random() * 1000000); \/\/ Random number\n          sessionStorage.setItem(\"wa_id\", wa_id);\n        }\n\n        const wa_id = sessionStorage.getItem(\"wa_id\");\n\n        function sendMessage(message) {\n          const messageInput = document.getElementById(\"messageInput\");\n          messageInput.value = message;\n          document.getElementById(\"sendButton\").click();\n        }\n        document\n          .getElementById(\"messageInput\")\n          .addEventListener(\"keydown\", function (event) {\n            if (event.key === \"Enter\") {\n              event.preventDefault();\n              fetchAndSendMessage();\n            }\n          });\n\n        async function fetchAndSendMessage() {\n          const messageInput = document.getElementById(\"messageInput\");\n          const message = messageInput.value;\n          if (message.trim() === \"\") return;\n\n          const messagesWrapper = document.getElementById(\"messages\");\n\n          const contentSection = document.getElementById(\"example-questions\");\n          const note = document.querySelector(\".note\");\n          contentSection.style.display = \"none\";\n          note.style.display = \"none\";\n\n          messagesWrapper.style.display = \"flex\";\n          messagesWrapper.style.flexDirection = \"column\";\n\n          const userMessage = document.createElement(\"div\");\n          userMessage.className = \"me message\";\n          userMessage.textContent = message;\n          userMessage.style.cssText =\n            \"background-color: #1c74fc; color: #fff; padding: 10px; margin: 5px 0; box-shadow: rgba(0,0,0,0.1) 3px 5px 20px; border-radius: 15px; align-self: flex-end; width: 85%; text-align: left;\";\n          messagesWrapper.appendChild(userMessage);\n\n          messageInput.value = \"\";\n\n          const thinkingMessage = document.createElement(\"div\");\n          thinkingMessage.className = \"sender message\";\n          thinkingMessage.textContent = \"thinking...\";\n          thinkingMessage.style.cssText =\n            \"background-color: #f1f1f1; color: #222729; padding: 10px; margin: 5px 0; box-shadow: rgba(0,0,0,0.1) 3px 5px 20px; border-radius: 15px; align-self: flex-start; width: 85%; text-align: left;\";\n          messagesWrapper.appendChild(thinkingMessage);\n\n          await fetch(\"https:\/\/elotify.pythonanywhere.com\/messages\", {\n            method: \"POST\",\n            headers: {\n              \"Content-Type\": \"application\/json\",\n            },\n            body: JSON.stringify({ message: message, wa_id: wa_id }),\n          })\n            .then((response) => response.json())\n            .then((data) => {\n              thinkingMessage.innerHTML = data.response\n                .replace(\n                  \/### (.*?)(\\r\\n|\\r|\\n)\/g,\n                  \"<h3 style='margin: 0;'>$1<\/h3>\"\n                )\n                .replace(\n                  \/- \\\\(.?)\\\\*\/g,\n                  \"<li><b style='font-weight: 600;'>$1<\/b>\"\n                )\n                .replace(\/\\\\(.?)\\\\*\/g, \"<b>$1<\/b>\")\n                .replace(\/(\\r\\n|\\r|\\n)- \/g, \"<li>\")\n                .replace(\/<\\\/li>(\\r\\n|\\r|\\n)<li>\/g, \"<\/li><li>\")\n                .replace(\/(\\r\\n|\\r|\\n)\/g, \"<br>\")\n                .replace(\/<br><li>\/g, \"<li>\")\n                .replace(\/<\\\/li><br>\/g, \"<\/li>\")\n                .replace(\n                  \/\\[(.?)\\]\\((.?)\\)\/g,\n                  '<a target=\"_blank\" href=\"$2\">$1<\/a>'\n                );\n\n              messagesWrapper.scrollTop = messagesWrapper.scrollHeight;\n            })\n            .catch((error) => {\n              thinkingMessage.textContent = \"Error: Could not get a response\";\n              console.error(\"Error:\", error);\n            });\n          setTimeout(() => {\n            console.log(\"Hidden again...\");\n          }, 10000);\n        }\n        document\n          .getElementById(\"sendButton\")\n          .addEventListener(\"click\", fetchAndSendMessage);\n      <\/script>\n    <\/div>\n","protected":false},"excerpt":{"rendered":"<p>Quelles sont les dates et le lieu de la conf\u00e9rence ? Pouvez-vous me fournir ? le programme des discours d&rsquo;ouverture Comment puis-je m&rsquo;inscrire \u00e0 la conf\u00e9rence et quels sont les frais d&rsquo;inscription ? Y a-t-il des ateliers disponibles ? et comment puis-je inscrire These are just a few examples of what I can do.<\/p>","protected":false},"author":2,"featured_media":0,"parent":0,"menu_order":0,"comment_status":"closed","ping_status":"closed","template":"","meta":{"site-sidebar-layout":"default","site-content-layout":"","ast-site-content-layout":"default","site-content-style":"default","site-sidebar-style":"default","ast-global-header-display":"","ast-banner-title-visibility":"","ast-main-header-display":"","ast-hfb-above-header-display":"","ast-hfb-below-header-display":"","ast-hfb-mobile-header-display":"","site-post-title":"","ast-breadcrumbs-content":"","ast-featured-img":"","footer-sml-layout":"","ast-disable-related-posts":"","theme-transparent-header-meta":"","adv-header-id-meta":"","stick-header-meta":"","header-above-stick-meta":"","header-main-stick-meta":"","header-below-stick-meta":"","astra-migrate-meta-layouts":"set","ast-page-background-enabled":"default","ast-page-background-meta":{"desktop":{"background-color":"","background-image":"","background-repeat":"repeat","background-position":"center center","background-size":"auto","background-attachment":"scroll","background-type":"","background-media":"","overlay-type":"","overlay-color":"","overlay-opacity":"","overlay-gradient":""},"tablet":{"background-color":"","background-image":"","background-repeat":"repeat","background-position":"center center","background-size":"auto","background-attachment":"scroll","background-type":"","background-media":"","overlay-type":"","overlay-color":"","overlay-opacity":"","overlay-gradient":""},"mobile":{"background-color":"","background-image":"","background-repeat":"repeat","background-position":"center center","background-size":"auto","background-attachment":"scroll","background-type":"","background-media":"","overlay-type":"","overlay-color":"","overlay-opacity":"","overlay-gradient":""}},"ast-content-background-meta":{"desktop":{"background-color":"var(--ast-global-color-5)","background-image":"","background-repeat":"repeat","background-position":"center center","background-size":"auto","background-attachment":"scroll","background-type":"","background-media":"","overlay-type":"","overlay-color":"","overlay-opacity":"","overlay-gradient":""},"tablet":{"background-color":"var(--ast-global-color-5)","background-image":"","background-repeat":"repeat","background-position":"center center","background-size":"auto","background-attachment":"scroll","background-type":"","background-media":"","overlay-type":"","overlay-color":"","overlay-opacity":"","overlay-gradient":""},"mobile":{"background-color":"var(--ast-global-color-5)","background-image":"","background-repeat":"repeat","background-position":"center center","background-size":"auto","background-attachment":"scroll","background-type":"","background-media":"","overlay-type":"","overlay-color":"","overlay-opacity":"","overlay-gradient":""}},"footnotes":""},"class_list":["post-2705","page","type-page","status-publish","hentry"],"yoast_head":"<!-- This site is optimized with the Yoast SEO plugin v27.4 - https:\/\/yoast.com\/product\/yoast-seo-wordpress\/ -->\n<title>Test - Ihtc Congress<\/title>\n<meta name=\"robots\" content=\"index, follow, max-snippet:-1, max-image-preview:large, max-video-preview:-1\" \/>\n<link rel=\"canonical\" href=\"https:\/\/ihtc-congress.com\/en\/test\/\" \/>\n<meta property=\"og:locale\" content=\"en_US\" \/>\n<meta property=\"og:type\" content=\"article\" \/>\n<meta property=\"og:title\" content=\"Test - Ihtc Congress\" \/>\n<meta property=\"og:description\" content=\"Quelles sont les dates et le lieu de la conf\u00e9rence ? Pouvez-vous me fournir ? le programme des discours d&rsquo;ouverture Comment puis-je m&rsquo;inscrire \u00e0 la conf\u00e9rence et quels sont les frais d&rsquo;inscription ? Y a-t-il des ateliers disponibles ? et comment puis-je inscrire These are just a few examples of what I can do.\" \/>\n<meta property=\"og:url\" content=\"https:\/\/ihtc-congress.com\/en\/test\/\" \/>\n<meta property=\"og:site_name\" content=\"Ihtc Congress\" \/>\n<meta property=\"article:modified_time\" content=\"2024-08-21T16:51:26+00:00\" \/>\n<meta name=\"twitter:card\" content=\"summary_large_image\" \/>\n<meta name=\"twitter:label1\" content=\"Est. reading time\" \/>\n\t<meta name=\"twitter:data1\" content=\"1 minute\" \/>\n<script type=\"application\/ld+json\" class=\"yoast-schema-graph\">{\"@context\":\"https:\\\/\\\/schema.org\",\"@graph\":[{\"@type\":\"WebPage\",\"@id\":\"https:\\\/\\\/ihtc-congress.com\\\/test\\\/\",\"url\":\"https:\\\/\\\/ihtc-congress.com\\\/test\\\/\",\"name\":\"Test - Ihtc Congress\",\"isPartOf\":{\"@id\":\"https:\\\/\\\/ihtc-congress.com\\\/#website\"},\"datePublished\":\"2024-08-21T16:51:23+00:00\",\"dateModified\":\"2024-08-21T16:51:26+00:00\",\"breadcrumb\":{\"@id\":\"https:\\\/\\\/ihtc-congress.com\\\/test\\\/#breadcrumb\"},\"inLanguage\":\"en-US\",\"potentialAction\":[{\"@type\":\"ReadAction\",\"target\":[\"https:\\\/\\\/ihtc-congress.com\\\/test\\\/\"]}]},{\"@type\":\"BreadcrumbList\",\"@id\":\"https:\\\/\\\/ihtc-congress.com\\\/test\\\/#breadcrumb\",\"itemListElement\":[{\"@type\":\"ListItem\",\"position\":1,\"name\":\"Accueil\",\"item\":\"https:\\\/\\\/ihtc-congress.com\\\/\"},{\"@type\":\"ListItem\",\"position\":2,\"name\":\"Test\"}]},{\"@type\":\"WebSite\",\"@id\":\"https:\\\/\\\/ihtc-congress.com\\\/#website\",\"url\":\"https:\\\/\\\/ihtc-congress.com\\\/\",\"name\":\"Ihtc Congress\",\"description\":\"Congres International de Sant\u00e9 et du Tourisme M\u00e9dical\",\"publisher\":{\"@id\":\"https:\\\/\\\/ihtc-congress.com\\\/#organization\"},\"potentialAction\":[{\"@type\":\"SearchAction\",\"target\":{\"@type\":\"EntryPoint\",\"urlTemplate\":\"https:\\\/\\\/ihtc-congress.com\\\/?s={search_term_string}\"},\"query-input\":{\"@type\":\"PropertyValueSpecification\",\"valueRequired\":true,\"valueName\":\"search_term_string\"}}],\"inLanguage\":\"en-US\"},{\"@type\":\"Organization\",\"@id\":\"https:\\\/\\\/ihtc-congress.com\\\/#organization\",\"name\":\"Ihtc Congress\",\"url\":\"https:\\\/\\\/ihtc-congress.com\\\/\",\"logo\":{\"@type\":\"ImageObject\",\"inLanguage\":\"en-US\",\"@id\":\"https:\\\/\\\/ihtc-congress.com\\\/#\\\/schema\\\/logo\\\/image\\\/\",\"url\":\"https:\\\/\\\/ihtc-congress.com\\\/wp-content\\\/uploads\\\/2023\\\/09\\\/footer-logo.png\",\"contentUrl\":\"https:\\\/\\\/ihtc-congress.com\\\/wp-content\\\/uploads\\\/2023\\\/09\\\/footer-logo.png\",\"width\":527,\"height\":135,\"caption\":\"Ihtc Congress\"},\"image\":{\"@id\":\"https:\\\/\\\/ihtc-congress.com\\\/#\\\/schema\\\/logo\\\/image\\\/\"}}]}<\/script>\n<!-- \/ Yoast SEO plugin. -->","yoast_head_json":{"title":"Test - Ihtc Congress","robots":{"index":"index","follow":"follow","max-snippet":"max-snippet:-1","max-image-preview":"max-image-preview:large","max-video-preview":"max-video-preview:-1"},"canonical":"https:\/\/ihtc-congress.com\/en\/test\/","og_locale":"en_US","og_type":"article","og_title":"Test - Ihtc Congress","og_description":"Quelles sont les dates et le lieu de la conf\u00e9rence ? Pouvez-vous me fournir ? le programme des discours d&rsquo;ouverture Comment puis-je m&rsquo;inscrire \u00e0 la conf\u00e9rence et quels sont les frais d&rsquo;inscription ? Y a-t-il des ateliers disponibles ? et comment puis-je inscrire These are just a few examples of what I can do.","og_url":"https:\/\/ihtc-congress.com\/en\/test\/","og_site_name":"Ihtc Congress","article_modified_time":"2024-08-21T16:51:26+00:00","twitter_card":"summary_large_image","twitter_misc":{"Est. reading time":"1 minute"},"schema":{"@context":"https:\/\/schema.org","@graph":[{"@type":"WebPage","@id":"https:\/\/ihtc-congress.com\/test\/","url":"https:\/\/ihtc-congress.com\/test\/","name":"Test - Ihtc Congress","isPartOf":{"@id":"https:\/\/ihtc-congress.com\/#website"},"datePublished":"2024-08-21T16:51:23+00:00","dateModified":"2024-08-21T16:51:26+00:00","breadcrumb":{"@id":"https:\/\/ihtc-congress.com\/test\/#breadcrumb"},"inLanguage":"en-US","potentialAction":[{"@type":"ReadAction","target":["https:\/\/ihtc-congress.com\/test\/"]}]},{"@type":"BreadcrumbList","@id":"https:\/\/ihtc-congress.com\/test\/#breadcrumb","itemListElement":[{"@type":"ListItem","position":1,"name":"Accueil","item":"https:\/\/ihtc-congress.com\/"},{"@type":"ListItem","position":2,"name":"Test"}]},{"@type":"WebSite","@id":"https:\/\/ihtc-congress.com\/#website","url":"https:\/\/ihtc-congress.com\/","name":"Ihtc Congress","description":"Congres International de Sant\u00e9 et du Tourisme M\u00e9dical","publisher":{"@id":"https:\/\/ihtc-congress.com\/#organization"},"potentialAction":[{"@type":"SearchAction","target":{"@type":"EntryPoint","urlTemplate":"https:\/\/ihtc-congress.com\/?s={search_term_string}"},"query-input":{"@type":"PropertyValueSpecification","valueRequired":true,"valueName":"search_term_string"}}],"inLanguage":"en-US"},{"@type":"Organization","@id":"https:\/\/ihtc-congress.com\/#organization","name":"Ihtc Congress","url":"https:\/\/ihtc-congress.com\/","logo":{"@type":"ImageObject","inLanguage":"en-US","@id":"https:\/\/ihtc-congress.com\/#\/schema\/logo\/image\/","url":"https:\/\/ihtc-congress.com\/wp-content\/uploads\/2023\/09\/footer-logo.png","contentUrl":"https:\/\/ihtc-congress.com\/wp-content\/uploads\/2023\/09\/footer-logo.png","width":527,"height":135,"caption":"Ihtc Congress"},"image":{"@id":"https:\/\/ihtc-congress.com\/#\/schema\/logo\/image\/"}}]}},"_links":{"self":[{"href":"https:\/\/ihtc-congress.com\/en\/wp-json\/wp\/v2\/pages\/2705","targetHints":{"allow":["GET"]}}],"collection":[{"href":"https:\/\/ihtc-congress.com\/en\/wp-json\/wp\/v2\/pages"}],"about":[{"href":"https:\/\/ihtc-congress.com\/en\/wp-json\/wp\/v2\/types\/page"}],"author":[{"embeddable":true,"href":"https:\/\/ihtc-congress.com\/en\/wp-json\/wp\/v2\/users\/2"}],"replies":[{"embeddable":true,"href":"https:\/\/ihtc-congress.com\/en\/wp-json\/wp\/v2\/comments?post=2705"}],"version-history":[{"count":1,"href":"https:\/\/ihtc-congress.com\/en\/wp-json\/wp\/v2\/pages\/2705\/revisions"}],"predecessor-version":[{"id":2706,"href":"https:\/\/ihtc-congress.com\/en\/wp-json\/wp\/v2\/pages\/2705\/revisions\/2706"}],"wp:attachment":[{"href":"https:\/\/ihtc-congress.com\/en\/wp-json\/wp\/v2\/media?parent=2705"}],"curies":[{"name":"wp","href":"https:\/\/api.w.org\/{rel}","templated":true}]}}