{"id":2829,"date":"2024-08-27T11:49:54","date_gmt":"2024-08-27T11:49:54","guid":{"rendered":"https:\/\/ihtc-congress.com\/?page_id=2829"},"modified":"2024-08-27T12:04:23","modified_gmt":"2024-08-27T12:04:23","slug":"participant-inscription","status":"publish","type":"page","link":"https:\/\/ihtc-congress.com\/en\/participant-inscription\/","title":{"rendered":"Participant Inscription"},"content":{"rendered":"<div data-elementor-type=\"wp-page\" data-elementor-id=\"2829\" class=\"elementor elementor-2829\">\n\t\t\t\t\t\t<section class=\"elementor-section elementor-top-section elementor-element elementor-element-c72d0af elementor-section-boxed elementor-section-height-default elementor-section-height-default\" data-id=\"c72d0af\" data-element_type=\"section\" data-e-type=\"section\" data-settings=\"{&quot;background_background&quot;:&quot;classic&quot;}\">\n\t\t\t\t\t\t\t<div class=\"elementor-background-overlay\"><\/div>\n\t\t\t\t\t\t\t<div class=\"elementor-container elementor-column-gap-default\">\n\t\t\t\t\t<div class=\"elementor-column elementor-col-100 elementor-top-column elementor-element elementor-element-bcc1b27\" data-id=\"bcc1b27\" data-element_type=\"column\" data-e-type=\"column\">\n\t\t\t<div class=\"elementor-widget-wrap elementor-element-populated\">\n\t\t\t\t\t\t<div class=\"elementor-element elementor-element-227e46b elementor-widget__width-initial elementor-widget elementor-widget-elementskit-heading\" data-id=\"227e46b\" data-element_type=\"widget\" data-e-type=\"widget\" data-widget_type=\"elementskit-heading.default\">\n\t\t\t\t<div class=\"elementor-widget-container\">\n\t\t\t\t\t<div class=\"ekit-wid-con\" ><div class=\"ekit-heading elementskit-section-title-wraper text_center   ekit_heading_tablet-   ekit_heading_mobile-text_center\"><h3 class=\"elementskit-section-subtitle\">\n\t\t\t\t\t\tIHTC CONGRESS 2024\n\t\t\t\t\t<\/h3><h2 class=\"ekit-heading--title elementskit-section-title\">Inscrivez Vous en Tant Que <br>Partivcipant<\/h2>\t\t\t\t<div class='ekit-heading__description'>\n\t\t\t\t\t<p>Explore networking, expertise-sharing and business development opportunities in the booming medical tourism sector.<\/p>\n\t\t\t\t<\/div>\n\t\t\t<\/div><\/div>\t\t\t\t<\/div>\n\t\t\t\t<\/div>\n\t\t\t\t\t<\/div>\n\t\t<\/div>\n\t\t\t\t\t<\/div>\n\t\t<\/section>\n\t\t\t\t<section class=\"elementor-section elementor-top-section elementor-element elementor-element-8228705 elementor-section-boxed elementor-section-height-default elementor-section-height-default\" data-id=\"8228705\" data-element_type=\"section\" data-e-type=\"section\">\n\t\t\t\t\t\t<div class=\"elementor-container elementor-column-gap-default\">\n\t\t\t\t\t<div class=\"elementor-column elementor-col-100 elementor-top-column elementor-element elementor-element-c2a3fc6\" data-id=\"c2a3fc6\" data-element_type=\"column\" data-e-type=\"column\">\n\t\t\t<div class=\"elementor-widget-wrap elementor-element-populated\">\n\t\t\t\t\t\t<div class=\"elementor-element elementor-element-0c4e4c9 elementor-widget elementor-widget-elementskit-heading\" data-id=\"0c4e4c9\" data-element_type=\"widget\" data-e-type=\"widget\" data-widget_type=\"elementskit-heading.default\">\n\t\t\t\t<div class=\"elementor-widget-container\">\n\t\t\t\t\t<div class=\"ekit-wid-con\" ><div class=\"ekit-heading elementskit-section-title-wraper center   ekit_heading_tablet-   ekit_heading_mobile-\"><h2 class=\"ekit-heading--title elementskit-section-title\">Request &amp; Free Quote<\/h2><div class=\"ekit_heading_separetor_wraper ekit_heading_elementskit-border-divider ekit-dotted\"><div class=\"elementskit-border-divider ekit-dotted\"><\/div><\/div><\/div><\/div>\t\t\t\t<\/div>\n\t\t\t\t<\/div>\n\t\t\t\t\t<\/div>\n\t\t<\/div>\n\t\t\t\t\t<\/div>\n\t\t<\/section>\n\t\t\t\t<section class=\"elementor-section elementor-top-section elementor-element elementor-element-0338e22 elementor-section-stretched elementor-section-full_width elementor-section-height-default elementor-section-height-default\" data-id=\"0338e22\" data-element_type=\"section\" data-e-type=\"section\" data-settings=\"{&quot;stretch_section&quot;:&quot;section-stretched&quot;}\">\n\t\t\t\t\t\t\t<div class=\"elementor-background-overlay\"><\/div>\n\t\t\t\t\t\t\t<div class=\"elementor-container elementor-column-gap-narrow\">\n\t\t\t\t\t<div class=\"elementor-column elementor-col-100 elementor-top-column elementor-element elementor-element-eb270fc\" data-id=\"eb270fc\" data-element_type=\"column\" data-e-type=\"column\">\n\t\t\t<div class=\"elementor-widget-wrap elementor-element-populated\">\n\t\t\t\t\t\t<div class=\"elementor-element elementor-element-efa7d8f elementor-widget elementor-widget-shortcode\" data-id=\"efa7d8f\" data-element_type=\"widget\" data-e-type=\"widget\" data-widget_type=\"shortcode.default\">\n\t\t\t\t<div class=\"elementor-widget-container\">\n\t\t\t\t\t\t\t<div class=\"elementor-shortcode\"><div class=\"forminator-ui forminator-custom-form forminator-custom-form-1498 forminator-design--material  forminator_ajax\" data-forminator-render=\"0\" data-form=\"forminator-module-1498\" data-uid=\"69f4e0f40a8f2\"><br\/><\/div><form\n\t\t\t\tid=\"forminator-module-1498\"\n\t\t\t\tclass=\"forminator-ui forminator-custom-form forminator-custom-form-1498 forminator-design--material  forminator_ajax\"\n\t\t\t\tmethod=\"post\"\n\t\t\t\tdata-forminator-render=\"0\"\n\t\t\t\tdata-form-id=\"1498\"\n\t\t\t\t data-color-option=\"default\" data-design=\"material\" data-grid=\"open\" style=\"display: none;\"\n\t\t\t\tdata-uid=\"69f4e0f40a8f2\" action=\"\"\n\t\t\t><div role=\"alert\" aria-live=\"polite\" class=\"forminator-response-message forminator-error\" aria-hidden=\"true\"><\/div><div class=\"forminator-row\"><div id=\"text-1\" class=\"forminator-field-text forminator-col forminator-col-12\"><div class=\"forminator-field\"><label for=\"forminator-field-text-1_69f4e0f40a8f2\" id=\"forminator-field-text-1_69f4e0f40a8f2-label\" class=\"forminator-label\">Company name <span class=\"forminator-required\">*<\/span><\/label><input type=\"text\" name=\"text-1\" value=\"\" placeholder=\"\" id=\"forminator-field-text-1_69f4e0f40a8f2\" class=\"forminator-input forminator-name--field\" data-required=\"1\" \/><\/div><\/div><\/div><div class=\"forminator-row\"><div id=\"name-1\" class=\"forminator-field-name forminator-col forminator-col-6\"><div class=\"forminator-field\"><label for=\"forminator-field-name-1_69f4e0f40a8f2\" id=\"forminator-field-name-1_69f4e0f40a8f2-label\" class=\"forminator-label\">First &amp; Last name <span class=\"forminator-required\">*<\/span><\/label><input type=\"text\" name=\"name-1\" value=\"\" placeholder=\"\" id=\"forminator-field-name-1_69f4e0f40a8f2\" class=\"forminator-input forminator-name--field\" aria-required=\"true\" autocomplete=\"name\" \/><\/div><\/div><div id=\"text-3\" class=\"forminator-field-text forminator-col forminator-col-6\"><div class=\"forminator-field\"><label for=\"forminator-field-text-3_69f4e0f40a8f2\" id=\"forminator-field-text-3_69f4e0f40a8f2-label\" class=\"forminator-label\">Position occupied <span class=\"forminator-required\">*<\/span><\/label><input type=\"text\" name=\"text-3\" value=\"\" placeholder=\"\" id=\"forminator-field-text-3_69f4e0f40a8f2\" class=\"forminator-input forminator-name--field\" data-required=\"1\" \/><\/div><\/div><\/div><div class=\"forminator-row\"><div id=\"text-4\" class=\"forminator-field-text forminator-col forminator-col-12\"><div class=\"forminator-field\"><label for=\"forminator-field-text-4_69f4e0f40a8f2\" id=\"forminator-field-text-4_69f4e0f40a8f2-label\" class=\"forminator-label\">Adress <span class=\"forminator-required\">*<\/span><\/label><input type=\"text\" name=\"text-4\" value=\"\" placeholder=\"\" id=\"forminator-field-text-4_69f4e0f40a8f2\" class=\"forminator-input forminator-name--field\" data-required=\"1\" \/><\/div><\/div><\/div><div class=\"forminator-row\"><div id=\"text-2\" class=\"forminator-field-text forminator-col forminator-col-12\"><div class=\"forminator-field\"><label for=\"forminator-field-text-2_69f4e0f40a8f2\" id=\"forminator-field-text-2_69f4e0f40a8f2-label\" class=\"forminator-label\">Business Sector <span class=\"forminator-required\">*<\/span><\/label><input type=\"text\" name=\"text-2\" value=\"\" placeholder=\"\" id=\"forminator-field-text-2_69f4e0f40a8f2\" class=\"forminator-input forminator-name--field\" data-required=\"1\" \/><\/div><\/div><\/div><div class=\"forminator-row\"><div id=\"email-1\" class=\"forminator-field-email forminator-col forminator-col-6\"><div class=\"forminator-field\"><label for=\"forminator-field-email-1_69f4e0f40a8f2\" id=\"forminator-field-email-1_69f4e0f40a8f2-label\" class=\"forminator-label\">E-mail Address <span class=\"forminator-required\">*<\/span><\/label><input type=\"email\" name=\"email-1\" value=\"\" placeholder=\"\" id=\"forminator-field-email-1_69f4e0f40a8f2\" class=\"forminator-input forminator-email--field\" data-required=\"true\" aria-required=\"true\" autocomplete=\"email\" \/><\/div><\/div><div id=\"select-1\" class=\"forminator-field-select forminator-col forminator-col-6\"><div class=\"forminator-field\"><label for=\"forminator-form-1498__field--select-1_69f4e0f40a8f2\" id=\"forminator-form-1498__field--select-1_69f4e0f40a8f2-label\" class=\"forminator-label\">Preferred Language <span class=\"forminator-required\">*<\/span><\/label><select  id=\"forminator-form-1498__field--select-1_69f4e0f40a8f2\" class=\"forminator-select--field forminator-select2 forminator-select2-multiple\" data-required=\"1\" name=\"select-1\" data-default-value=\"en\" data-hidden-behavior=\"zero\" data-placeholder=\"Please select an option\" data-search=\"false\" data-search-placeholder=\"Please select an option\" data-checkbox=\"false\" data-allow-clear=\"false\" aria-labelledby=\"forminator-form-1498__field--select-1_69f4e0f40a8f2-label\"><option value=\"\"  >Please select an option<\/option><option value=\"en\" selected=\"selected\" data-calculation=\"0\">English<\/option><option value=\"fr\"  data-calculation=\"0\">Fran\u00e7aise<\/option><option value=\"ar\"  data-calculation=\"0\">\u0639\u0631\u0628\u064a<\/option><option value=\"tr\"  data-calculation=\"0\">T\u00fcrk\u00e7e<\/option><\/select><\/div><\/div><\/div><div class=\"forminator-row\"><div id=\"phone-1\" class=\"forminator-field-phone forminator-col forminator-col-12\"><div class=\"forminator-field\"><label for=\"forminator-field-phone-1_69f4e0f40a8f2\" id=\"forminator-field-phone-1_69f4e0f40a8f2-label\" class=\"forminator-label\">Phone Number <span class=\"forminator-required\">*<\/span><\/label><input type=\"text\" name=\"phone-1\" value=\"\" placeholder=\"\" id=\"forminator-field-phone-1_69f4e0f40a8f2\" class=\"forminator-input forminator-field--phone\" data-required=\"1\" aria-required=\"true\" autocomplete=\"off\" data-national_mode=\"disabled\" data-country=\"dz\" data-validation=\"international\" \/><\/div><\/div><\/div><div class=\"forminator-row\"><div id=\"textarea-2\" class=\"forminator-field-textarea forminator-col forminator-col-12\"><div class=\"forminator-field\"><label for=\"forminator-field-textarea-2_69f4e0f40a8f2\" id=\"forminator-field-textarea-2_69f4e0f40a8f2-label\" class=\"forminator-label\">Area of interest <span class=\"forminator-required\">*<\/span><\/label><textarea name=\"textarea-2\" placeholder=\"\" id=\"forminator-field-textarea-2_69f4e0f40a8f2\" class=\"forminator-textarea\" rows=\"6\" style=\"--forminator-textarea-min-height:140px;\" ><\/textarea><span id=\"forminator-field-textarea-2_69f4e0f40a8f2-description\" class=\"forminator-description\"><span data-limit=\"10\" data-type=\"words\" data-editor=\"\">0 \/ 10<\/span><\/span><\/div><\/div><\/div><div class=\"forminator-row\"><div id=\"textarea-1\" class=\"forminator-field-textarea forminator-col forminator-col-12\"><div class=\"forminator-field\"><label for=\"forminator-field-textarea-1_69f4e0f40a8f2\" id=\"forminator-field-textarea-1_69f4e0f40a8f2-label\" class=\"forminator-label\">Your message<\/label><textarea name=\"textarea-1\" placeholder=\"\" id=\"forminator-field-textarea-1_69f4e0f40a8f2\" class=\"forminator-textarea\" rows=\"6\" style=\"--forminator-textarea-min-height:140px;\" maxlength=\"180\" ><\/textarea><span id=\"forminator-field-textarea-1_69f4e0f40a8f2-description\" class=\"forminator-description\"><span data-limit=\"180\" data-type=\"characters\" data-editor=\"\">0 \/ 180<\/span><\/span><\/div><\/div><\/div><div class=\"forminator-row\"><div id=\"captcha-1\" class=\"forminator-field-captcha forminator-col forminator-col-12\"><div class=\"forminator-captcha-left forminator-g-recaptcha\" data-theme=\"light\"  data-sitekey=\"6Lc_xaEpAAAAAFgpwZ7emqx9oIKXuANgvJmXRW58\" data-size=\"normal\"><\/div> <\/div><\/div><input type=\"hidden\" name=\"referer_url\" value=\"\" \/><div class=\"forminator-row forminator-row-last\"><div class=\"forminator-col\"><div class=\"forminator-field\"><button class=\"forminator-button forminator-button-submit\"><span>S&#039;inscrire<\/span><span aria-hidden=\"true\"><\/span><\/button><\/div><\/div><\/div><input type=\"hidden\" id=\"forminator_nonce\" name=\"forminator_nonce\" value=\"1e9ea8c6dd\" \/><input type=\"hidden\" name=\"_wp_http_referer\" value=\"\/en\/wp-json\/wp\/v2\/pages\/2829\" \/><input type=\"hidden\" name=\"form_id\" value=\"1498\"><input type=\"hidden\" name=\"page_id\" value=\"2829\"><input type=\"hidden\" name=\"form_type\" value=\"default\"><input type=\"hidden\" name=\"current_url\" value=\"https:\/\/ihtc-congress.com\/en\/participant-inscription\/\"><input type=\"hidden\" name=\"render_id\" value=\"0\"><input type=\"hidden\" name=\"action\" value=\"forminator_submit_form_custom-forms\"><input type=\"hidden\" name=\"trp-form-language\" value=\"en\"\/><\/form><\/div>\n\t\t\t\t\t\t<\/div>\n\t\t\t\t<\/div>\n\t\t\t\t\t<\/div>\n\t\t<\/div>\n\t\t\t\t\t<\/div>\n\t\t<\/section>\n\t\t\t\t<\/div>","protected":false},"excerpt":{"rendered":"<p>IHTC CONGRESS 2024 Inscrivez Vous en Tant Que Partivcipant Explorez les opportunit\u00e9s de r\u00e9seautage, de partage d&rsquo;expertise et de d\u00e9veloppement commercial dans le secteur du tourisme m\u00e9dical en plein essor. Demandez Un Devis Gratuit<\/p>","protected":false},"author":1,"featured_media":0,"parent":0,"menu_order":0,"comment_status":"closed","ping_status":"closed","template":"","meta":{"site-sidebar-layout":"no-sidebar","site-content-layout":"","ast-site-content-layout":"full-width-container","site-content-style":"default","site-sidebar-style":"default","ast-global-header-display":"disabled","ast-banner-title-visibility":"disabled","ast-main-header-display":"","ast-hfb-above-header-display":"","ast-hfb-below-header-display":"","ast-hfb-mobile-header-display":"","site-post-title":"","ast-breadcrumbs-content":"","ast-featured-img":"","footer-sml-layout":"disabled","ast-disable-related-posts":"","theme-transparent-header-meta":"","adv-header-id-meta":"","stick-header-meta":"","header-above-stick-meta":"","header-main-stick-meta":"","header-below-stick-meta":"","astra-migrate-meta-layouts":"set","ast-page-background-enabled":"default","ast-page-background-meta":{"desktop":{"background-color":"","background-image":"","background-repeat":"repeat","background-position":"center center","background-size":"auto","background-attachment":"scroll","background-type":"","background-media":"","overlay-type":"","overlay-color":"","overlay-opacity":"","overlay-gradient":""},"tablet":{"background-color":"","background-image":"","background-repeat":"repeat","background-position":"center center","background-size":"auto","background-attachment":"scroll","background-type":"","background-media":"","overlay-type":"","overlay-color":"","overlay-opacity":"","overlay-gradient":""},"mobile":{"background-color":"","background-image":"","background-repeat":"repeat","background-position":"center center","background-size":"auto","background-attachment":"scroll","background-type":"","background-media":"","overlay-type":"","overlay-color":"","overlay-opacity":"","overlay-gradient":""}},"ast-content-background-meta":{"desktop":{"background-color":"var(--ast-global-color-5)","background-image":"","background-repeat":"repeat","background-position":"center center","background-size":"auto","background-attachment":"scroll","background-type":"","background-media":"","overlay-type":"","overlay-color":"","overlay-opacity":"","overlay-gradient":""},"tablet":{"background-color":"var(--ast-global-color-5)","background-image":"","background-repeat":"repeat","background-position":"center center","background-size":"auto","background-attachment":"scroll","background-type":"","background-media":"","overlay-type":"","overlay-color":"","overlay-opacity":"","overlay-gradient":""},"mobile":{"background-color":"var(--ast-global-color-5)","background-image":"","background-repeat":"repeat","background-position":"center center","background-size":"auto","background-attachment":"scroll","background-type":"","background-media":"","overlay-type":"","overlay-color":"","overlay-opacity":"","overlay-gradient":""}},"footnotes":""},"class_list":["post-2829","page","type-page","status-publish","hentry"],"yoast_head":"<!-- This site is optimized with the Yoast SEO plugin v27.5 - https:\/\/yoast.com\/product\/yoast-seo-wordpress\/ -->\n<title>Participant Inscription - Ihtc Congress<\/title>\n<meta name=\"robots\" content=\"index, follow, max-snippet:-1, max-image-preview:large, max-video-preview:-1\" \/>\n<link rel=\"canonical\" href=\"https:\/\/ihtc-congress.com\/en\/participant-inscription\/\" \/>\n<meta property=\"og:locale\" content=\"en_US\" \/>\n<meta property=\"og:type\" content=\"article\" \/>\n<meta property=\"og:title\" content=\"Participant Inscription - Ihtc Congress\" \/>\n<meta property=\"og:description\" content=\"IHTC CONGRESS 2024 Inscrivez Vous en Tant Que Partivcipant Explorez les opportunit\u00e9s de r\u00e9seautage, de partage d&rsquo;expertise et de d\u00e9veloppement commercial dans le secteur du tourisme m\u00e9dical en plein essor. Demandez Un Devis Gratuit\" \/>\n<meta property=\"og:url\" content=\"https:\/\/ihtc-congress.com\/en\/participant-inscription\/\" \/>\n<meta property=\"og:site_name\" content=\"Ihtc Congress\" \/>\n<meta property=\"article:modified_time\" content=\"2024-08-27T12:04:23+00:00\" \/>\n<meta name=\"twitter:card\" content=\"summary_large_image\" \/>\n<meta name=\"twitter:label1\" content=\"Est. reading time\" \/>\n\t<meta name=\"twitter:data1\" content=\"1 minute\" \/>\n<script type=\"application\/ld+json\" class=\"yoast-schema-graph\">{\"@context\":\"https:\\\/\\\/schema.org\",\"@graph\":[{\"@type\":\"WebPage\",\"@id\":\"https:\\\/\\\/ihtc-congress.com\\\/participant-inscription\\\/\",\"url\":\"https:\\\/\\\/ihtc-congress.com\\\/participant-inscription\\\/\",\"name\":\"Participant Inscription - Ihtc Congress\",\"isPartOf\":{\"@id\":\"https:\\\/\\\/ihtc-congress.com\\\/#website\"},\"datePublished\":\"2024-08-27T11:49:54+00:00\",\"dateModified\":\"2024-08-27T12:04:23+00:00\",\"breadcrumb\":{\"@id\":\"https:\\\/\\\/ihtc-congress.com\\\/participant-inscription\\\/#breadcrumb\"},\"inLanguage\":\"en-US\",\"potentialAction\":[{\"@type\":\"ReadAction\",\"target\":[\"https:\\\/\\\/ihtc-congress.com\\\/participant-inscription\\\/\"]}]},{\"@type\":\"BreadcrumbList\",\"@id\":\"https:\\\/\\\/ihtc-congress.com\\\/participant-inscription\\\/#breadcrumb\",\"itemListElement\":[{\"@type\":\"ListItem\",\"position\":1,\"name\":\"Accueil\",\"item\":\"https:\\\/\\\/ihtc-congress.com\\\/\"},{\"@type\":\"ListItem\",\"position\":2,\"name\":\"Participant Inscription\"}]},{\"@type\":\"WebSite\",\"@id\":\"https:\\\/\\\/ihtc-congress.com\\\/#website\",\"url\":\"https:\\\/\\\/ihtc-congress.com\\\/\",\"name\":\"Ihtc Congress\",\"description\":\"Congres International de Sant\u00e9 et du Tourisme M\u00e9dical\",\"publisher\":{\"@id\":\"https:\\\/\\\/ihtc-congress.com\\\/#organization\"},\"potentialAction\":[{\"@type\":\"SearchAction\",\"target\":{\"@type\":\"EntryPoint\",\"urlTemplate\":\"https:\\\/\\\/ihtc-congress.com\\\/?s={search_term_string}\"},\"query-input\":{\"@type\":\"PropertyValueSpecification\",\"valueRequired\":true,\"valueName\":\"search_term_string\"}}],\"inLanguage\":\"en-US\"},{\"@type\":\"Organization\",\"@id\":\"https:\\\/\\\/ihtc-congress.com\\\/#organization\",\"name\":\"Ihtc Congress\",\"url\":\"https:\\\/\\\/ihtc-congress.com\\\/\",\"logo\":{\"@type\":\"ImageObject\",\"inLanguage\":\"en-US\",\"@id\":\"https:\\\/\\\/ihtc-congress.com\\\/#\\\/schema\\\/logo\\\/image\\\/\",\"url\":\"https:\\\/\\\/ihtc-congress.com\\\/wp-content\\\/uploads\\\/2023\\\/09\\\/footer-logo.png\",\"contentUrl\":\"https:\\\/\\\/ihtc-congress.com\\\/wp-content\\\/uploads\\\/2023\\\/09\\\/footer-logo.png\",\"width\":527,\"height\":135,\"caption\":\"Ihtc Congress\"},\"image\":{\"@id\":\"https:\\\/\\\/ihtc-congress.com\\\/#\\\/schema\\\/logo\\\/image\\\/\"}}]}<\/script>\n<!-- \/ Yoast SEO plugin. -->","yoast_head_json":{"title":"Participant Inscription - Ihtc Congress","robots":{"index":"index","follow":"follow","max-snippet":"max-snippet:-1","max-image-preview":"max-image-preview:large","max-video-preview":"max-video-preview:-1"},"canonical":"https:\/\/ihtc-congress.com\/en\/participant-inscription\/","og_locale":"en_US","og_type":"article","og_title":"Participant Inscription - Ihtc Congress","og_description":"IHTC CONGRESS 2024 Inscrivez Vous en Tant Que Partivcipant Explorez les opportunit\u00e9s de r\u00e9seautage, de partage d&rsquo;expertise et de d\u00e9veloppement commercial dans le secteur du tourisme m\u00e9dical en plein essor. Demandez Un Devis Gratuit","og_url":"https:\/\/ihtc-congress.com\/en\/participant-inscription\/","og_site_name":"Ihtc Congress","article_modified_time":"2024-08-27T12:04:23+00:00","twitter_card":"summary_large_image","twitter_misc":{"Est. reading time":"1 minute"},"schema":{"@context":"https:\/\/schema.org","@graph":[{"@type":"WebPage","@id":"https:\/\/ihtc-congress.com\/participant-inscription\/","url":"https:\/\/ihtc-congress.com\/participant-inscription\/","name":"Participant Inscription - Ihtc Congress","isPartOf":{"@id":"https:\/\/ihtc-congress.com\/#website"},"datePublished":"2024-08-27T11:49:54+00:00","dateModified":"2024-08-27T12:04:23+00:00","breadcrumb":{"@id":"https:\/\/ihtc-congress.com\/participant-inscription\/#breadcrumb"},"inLanguage":"en-US","potentialAction":[{"@type":"ReadAction","target":["https:\/\/ihtc-congress.com\/participant-inscription\/"]}]},{"@type":"BreadcrumbList","@id":"https:\/\/ihtc-congress.com\/participant-inscription\/#breadcrumb","itemListElement":[{"@type":"ListItem","position":1,"name":"Accueil","item":"https:\/\/ihtc-congress.com\/"},{"@type":"ListItem","position":2,"name":"Participant Inscription"}]},{"@type":"WebSite","@id":"https:\/\/ihtc-congress.com\/#website","url":"https:\/\/ihtc-congress.com\/","name":"Ihtc Congress","description":"Congres International de Sant\u00e9 et du Tourisme M\u00e9dical","publisher":{"@id":"https:\/\/ihtc-congress.com\/#organization"},"potentialAction":[{"@type":"SearchAction","target":{"@type":"EntryPoint","urlTemplate":"https:\/\/ihtc-congress.com\/?s={search_term_string}"},"query-input":{"@type":"PropertyValueSpecification","valueRequired":true,"valueName":"search_term_string"}}],"inLanguage":"en-US"},{"@type":"Organization","@id":"https:\/\/ihtc-congress.com\/#organization","name":"Ihtc Congress","url":"https:\/\/ihtc-congress.com\/","logo":{"@type":"ImageObject","inLanguage":"en-US","@id":"https:\/\/ihtc-congress.com\/#\/schema\/logo\/image\/","url":"https:\/\/ihtc-congress.com\/wp-content\/uploads\/2023\/09\/footer-logo.png","contentUrl":"https:\/\/ihtc-congress.com\/wp-content\/uploads\/2023\/09\/footer-logo.png","width":527,"height":135,"caption":"Ihtc Congress"},"image":{"@id":"https:\/\/ihtc-congress.com\/#\/schema\/logo\/image\/"}}]}},"_links":{"self":[{"href":"https:\/\/ihtc-congress.com\/en\/wp-json\/wp\/v2\/pages\/2829","targetHints":{"allow":["GET"]}}],"collection":[{"href":"https:\/\/ihtc-congress.com\/en\/wp-json\/wp\/v2\/pages"}],"about":[{"href":"https:\/\/ihtc-congress.com\/en\/wp-json\/wp\/v2\/types\/page"}],"author":[{"embeddable":true,"href":"https:\/\/ihtc-congress.com\/en\/wp-json\/wp\/v2\/users\/1"}],"replies":[{"embeddable":true,"href":"https:\/\/ihtc-congress.com\/en\/wp-json\/wp\/v2\/comments?post=2829"}],"version-history":[{"count":5,"href":"https:\/\/ihtc-congress.com\/en\/wp-json\/wp\/v2\/pages\/2829\/revisions"}],"predecessor-version":[{"id":2836,"href":"https:\/\/ihtc-congress.com\/en\/wp-json\/wp\/v2\/pages\/2829\/revisions\/2836"}],"wp:attachment":[{"href":"https:\/\/ihtc-congress.com\/en\/wp-json\/wp\/v2\/media?parent=2829"}],"curies":[{"name":"wp","href":"https:\/\/api.w.org\/{rel}","templated":true}]}}